{"id":31,"date":"2022-10-26T01:09:23","date_gmt":"2022-10-26T01:09:23","guid":{"rendered":"http:\/\/gruporangelfacilitadores.com\/index.php\/servicios\/"},"modified":"2023-05-09T03:02:41","modified_gmt":"2023-05-09T03:02:41","slug":"servicios","status":"publish","type":"page","link":"https:\/\/gruporangelfacilitadores.com\/index.php\/servicios\/","title":{"rendered":"Servicios"},"content":{"rendered":"<p>[et_pb_section fb_built=&#8221;1&#8243; fullwidth=&#8221;on&#8221; _builder_version=&#8221;4.18.0&#8243; _module_preset=&#8221;default&#8221; bottom_divider_style=&#8221;wave2&#8243; bottom_divider_color=&#8221;#FFFFFF&#8221; bottom_divider_height=&#8221;50px&#8221; global_colors_info=&#8221;{}&#8221;][et_pb_fullwidth_header title=&#8221;Nuestros Servicios&#8221; background_overlay_color=&#8221;rgba(17,17,17,0.5)&#8221; _builder_version=&#8221;4.18.0&#8243; _module_preset=&#8221;default&#8221; title_font=&#8221;Poppins|||on|||||&#8221; title_font_size=&#8221;45px&#8221; background_enable_color=&#8221;off&#8221; background_image=&#8221;https:\/\/gruporangelfacilitadores.com\/wp-content\/uploads\/2023\/02\/pexels-pixabay-416405-1-scaled.jpg&#8221; custom_padding=&#8221;183px||95px|||&#8221; animation_style=&#8221;fade&#8221; global_colors_info=&#8221;{}&#8221;][\/et_pb_fullwidth_header][\/et_pb_section][et_pb_section fb_built=&#8221;1&#8243; _builder_version=&#8221;4.18.0&#8243; _module_preset=&#8221;default&#8221; custom_padding=&#8221;47px||19px|||&#8221; global_colors_info=&#8221;{}&#8221;][et_pb_row _builder_version=&#8221;4.18.0&#8243; _module_preset=&#8221;default&#8221; max_width=&#8221;100%&#8221; global_colors_info=&#8221;{}&#8221;][et_pb_column type=&#8221;4_4&#8243; _builder_version=&#8221;4.18.0&#8243; _module_preset=&#8221;default&#8221; global_colors_info=&#8221;{}&#8221;][et_pb_text _builder_version=&#8221;4.18.0&#8243; _module_preset=&#8221;default&#8221; text_text_color=&#8221;#000000&#8243; text_font_size=&#8221;16px&#8221; text_orientation=&#8221;justified&#8221; animation_style=&#8221;fade&#8221; global_colors_info=&#8221;{}&#8221;]<\/p>\n<p>Nuestra metodolog\u00eda de trabajo nos permite dar un servicio basado en una filosof\u00eda fundamentada en la visi\u00f3n colaborativa y de generaci\u00f3n de valor llamada Lean Construction, que nos permite utilizar pr\u00e1cticas internacionales y herramientas que ayuden a planificar y a dar certidumbre bas\u00e1ndonos en la eficiencia.<\/p>\n<p>[\/et_pb_text][\/et_pb_column][\/et_pb_row][et_pb_row column_structure=&#8221;2_5,3_5&#8243; _builder_version=&#8221;4.18.0&#8243; _module_preset=&#8221;default&#8221; max_width=&#8221;100%&#8221; global_colors_info=&#8221;{}&#8221;][et_pb_column type=&#8221;2_5&#8243; _builder_version=&#8221;4.18.0&#8243; _module_preset=&#8221;default&#8221; global_colors_info=&#8221;{}&#8221;][et_pb_image src=&#8221;https:\/\/gruporangelfacilitadores.com\/wp-content\/uploads\/2023\/02\/imagen_2023-02-03_074815206.png&#8221; title_text=&#8221;imagen_2023-02-03_074815206&#8243; _builder_version=&#8221;4.18.0&#8243; _module_preset=&#8221;default&#8221; box_shadow_style=&#8221;preset1&#8243; global_colors_info=&#8221;{}&#8221;][\/et_pb_image][\/et_pb_column][et_pb_column type=&#8221;3_5&#8243; _builder_version=&#8221;4.18.0&#8243; _module_preset=&#8221;default&#8221; global_colors_info=&#8221;{}&#8221;][et_pb_text _builder_version=&#8221;4.21.0&#8243; _module_preset=&#8221;default&#8221; text_font=&#8221;||||||||&#8221; text_text_color=&#8221;#000000&#8243; text_font_size=&#8221;15px&#8221; hover_enabled=&#8221;0&#8243; global_colors_info=&#8221;{}&#8221; sticky_enabled=&#8221;0&#8243;]<\/p>\n<h3 style=\"text-align: left;\"><strong>Nuestros Servicios<\/strong><\/h3>\n<ul>\n<li style=\"text-align: left;\">Preconstruccion<\/li>\n<li style=\"text-align: left;\">Coordinaci\u00f3n del proyecto ejecutivo con contratistas especialistas<\/li>\n<li style=\"text-align: left;\">Coordinacion y Supervisi\u00f3n de obra civil<\/li>\n<li style=\"text-align: left;\">Coordinaci\u00f3n y supervisi\u00f3n de ingenier\u00edas<\/li>\n<li style=\"text-align: left;\">Coordinacion y Supervisi\u00f3n de acabados e instalaci\u00f3n de mobiliario y equipo<\/li>\n<li style=\"text-align: left;\">Administraci\u00f3n y control de obra mediante la filosof\u00eda Lean Construction<\/li>\n<li style=\"text-align: left;\">Programacion y control de la producci\u00f3n en obra a trav\u00e9s de Last Planner System\u00ae<\/li>\n<\/ul>\n<p>[\/et_pb_text][\/et_pb_column][\/et_pb_row][\/et_pb_section]<\/p>\n","protected":false},"excerpt":{"rendered":"<p>Nuestra metodolog\u00eda de trabajo nos permite dar un servicio basado en una filosof\u00eda fundamentada en la visi\u00f3n colaborativa y de generaci\u00f3n de valor llamada Lean Construction, que nos permite utilizar pr\u00e1cticas internacionales y herramientas que ayuden a planificar y a dar certidumbre bas\u00e1ndonos en la eficiencia.Nuestros Servicios Preconstruccion Coordinaci\u00f3n del proyecto ejecutivo con contratistas especialistas [&hellip;]<\/p>\n","protected":false},"author":1,"featured_media":0,"parent":0,"menu_order":2,"comment_status":"closed","ping_status":"closed","template":"","meta":{"_et_pb_use_builder":"on","_et_pb_old_content":"","_et_gb_content_width":"","footnotes":""},"class_list":["post-31","page","type-page","status-publish","hentry"],"_links":{"self":[{"href":"https:\/\/gruporangelfacilitadores.com\/index.php\/wp-json\/wp\/v2\/pages\/31","targetHints":{"allow":["GET"]}}],"collection":[{"href":"https:\/\/gruporangelfacilitadores.com\/index.php\/wp-json\/wp\/v2\/pages"}],"about":[{"href":"https:\/\/gruporangelfacilitadores.com\/index.php\/wp-json\/wp\/v2\/types\/page"}],"author":[{"embeddable":true,"href":"https:\/\/gruporangelfacilitadores.com\/index.php\/wp-json\/wp\/v2\/users\/1"}],"replies":[{"embeddable":true,"href":"https:\/\/gruporangelfacilitadores.com\/index.php\/wp-json\/wp\/v2\/comments?post=31"}],"version-history":[{"count":7,"href":"https:\/\/gruporangelfacilitadores.com\/index.php\/wp-json\/wp\/v2\/pages\/31\/revisions"}],"predecessor-version":[{"id":112,"href":"https:\/\/gruporangelfacilitadores.com\/index.php\/wp-json\/wp\/v2\/pages\/31\/revisions\/112"}],"wp:attachment":[{"href":"https:\/\/gruporangelfacilitadores.com\/index.php\/wp-json\/wp\/v2\/media?parent=31"}],"curies":[{"name":"wp","href":"https:\/\/api.w.org\/{rel}","templated":true}]}}